{"id":272,"date":"2023-02-04T12:37:04","date_gmt":"2023-02-04T09:37:04","guid":{"rendered":"https:\/\/beykoztercume.com\/?page_id=272"},"modified":"2023-03-06T22:32:04","modified_gmt":"2023-03-06T19:32:04","slug":"iletisim","status":"publish","type":"page","link":"https:\/\/beykoztercume.com\/index.php\/iletisim\/","title":{"rendered":"\u0130LET\u0130\u015e\u0130M"},"content":{"rendered":"\n<p>Online \u00e7eviri hizmetinden faydalanmak, fiyat almak, merak ettikleriniz veya bizimle ileti\u015fime ge\u00e7mek i\u00e7in a\u015fa\u011f\u0131daki formu doldurabilirsiniz. <\/p>\n\n\n\n<p>Online \u00e7eviri i\u00e7in a\u015fa\u011f\u0131daki formu doldurup \u00e7evirmek istedi\u011finiz dosyay\u0131 y\u00fckleyerek g\u00f6ndermeniz gereklidir.<\/p>\n\n\n\n<p><\/p>\n\n\n\n<div class=\"wp-block-contact-form-7-contact-form-selector\">\n<div class=\"wpcf7 no-js\" id=\"wpcf7-f369-o1\" lang=\"tr-TR\" dir=\"ltr\">\n<div class=\"screen-reader-response\"><p role=\"status\" aria-live=\"polite\" aria-atomic=\"true\"><\/p> <ul><\/ul><\/div>\n<form action=\"\/index.php\/wp-json\/wp\/v2\/pages\/272#wpcf7-f369-o1\" method=\"post\" class=\"wpcf7-form init\" aria-label=\"Contact form\" enctype=\"multipart\/form-data\" novalidate=\"novalidate\" data-status=\"init\">\n<div style=\"display: none;\">\n<input type=\"hidden\" name=\"_wpcf7\" value=\"369\" \/>\n<input type=\"hidden\" name=\"_wpcf7_version\" value=\"5.8.7\" \/>\n<input type=\"hidden\" name=\"_wpcf7_locale\" value=\"tr_TR\" \/>\n<input type=\"hidden\" name=\"_wpcf7_unit_tag\" value=\"wpcf7-f369-o1\" \/>\n<input type=\"hidden\" name=\"_wpcf7_container_post\" value=\"0\" \/>\n<input type=\"hidden\" name=\"_wpcf7_posted_data_hash\" value=\"\" \/>\n<\/div>\n<p><label> \u0130sim Soyisim<br \/>\n<span class=\"wpcf7-form-control-wrap\" data-name=\"your-name\"><input size=\"40\" class=\"wpcf7-form-control wpcf7-text wpcf7-validates-as-required\" autocomplete=\"name\" aria-required=\"true\" aria-invalid=\"false\" value=\"\" type=\"text\" name=\"your-name\" \/><\/span> <\/label>\n<\/p>\n<p><label> E-posta adresiniz<br \/>\n<span class=\"wpcf7-form-control-wrap\" data-name=\"your-email\"><input size=\"40\" class=\"wpcf7-form-control wpcf7-email wpcf7-validates-as-required wpcf7-text wpcf7-validates-as-email\" autocomplete=\"email\" aria-required=\"true\" aria-invalid=\"false\" value=\"\" type=\"email\" name=\"your-email\" \/><\/span> <\/label>\n<\/p>\n<p><label> Cep Telefonu<br \/>\n<span class=\"wpcf7-form-control-wrap\" data-name=\"tel-82\"><input size=\"40\" class=\"wpcf7-form-control wpcf7-tel wpcf7-text wpcf7-validates-as-tel\" aria-invalid=\"false\" placeholder=\"(000)-000-00-00\" value=\"\" type=\"tel\" name=\"tel-82\" \/><\/span> <\/label>\n<\/p>\n<p><label> Konu<br \/>\n<span class=\"wpcf7-form-control-wrap\" data-name=\"your-subject\"><input size=\"40\" class=\"wpcf7-form-control wpcf7-text wpcf7-validates-as-required\" aria-required=\"true\" aria-invalid=\"false\" value=\"\" type=\"text\" name=\"your-subject\" \/><\/span> <\/label>\n<\/p>\n<p><label> \u0130letiniz (tercihe ba\u011fl\u0131)<br \/>\n<span class=\"wpcf7-form-control-wrap\" data-name=\"your-message\"><textarea cols=\"40\" rows=\"10\" class=\"wpcf7-form-control wpcf7-textarea\" aria-invalid=\"false\" name=\"your-message\"><\/textarea><\/span> <\/label>\n<\/p>\n<p><span class=\"wpcf7-form-control-wrap\" data-name=\"file-369\"><input size=\"40\" class=\"wpcf7-form-control wpcf7-file\" accept=\".doc,.docx,.xls,.xlsx,.pdf,.png,.jpeg,.zip,.rar,.ppt,.pptx\" aria-invalid=\"false\" type=\"file\" name=\"file-369\" \/><\/span><br \/>\n<input class=\"wpcf7-form-control wpcf7-submit has-spinner\" type=\"submit\" value=\"G\u00f6nder\" \/>\n<\/p><div class=\"wpcf7-response-output\" aria-hidden=\"true\"><\/div>\n<\/form>\n<\/div>\n<\/div>\n\n\n\n<h3 class=\"wp-block-heading\">BEYKOZ YEM\u0130NL\u0130 TERC\u00dcME<\/h3>\n\n\n\n<p><a href=\"https:\/\/www.google.com\/maps\/place\/T.C.+BEYKOZ+2.+NOTERL%C4%B0%C4%9E%C4%B0\/@41.0945297,29.0887859,21z\/data=!4m14!1m7!3m6!1s0x14caca4a66566b4b:0xb13f7fa162698888!2zS2F2YWPEsWssIE9yaGFuIFZlbGkgS2FuxLFrIENkLiBObzo4NCBEOkthdDoyLCAzNDgxMCBCZXlrb3ovxLBzdGFuYnVs!3b1!8m2!3d41.0945017!4d29.0890167!3m5!1s0x14caca4a66576513:0x1130ee63696e83ed!8m2!3d41.0944698!4d29.0890318!16s%2Fg%2F113fly5n3\" target=\"_blank\" rel=\"noreferrer noopener\">Adres: Kavac\u0131k, Orhan Veli Kan\u0131k Cd. No:84, Kat:2 34810 Beykoz\/\u0130stanbul<\/a><\/p>\n\n\n\n<p><\/p>\n\n\n\n<h3 class=\"wp-block-heading\">Telefon<\/h3>\n\n\n\n<p>0216 693 01 46 &#8211; 0533 640 45 15<\/p>\n","protected":false},"excerpt":{"rendered":"<p>Online \u00e7eviri hizmetinden faydalanmak, fiyat almak, merak ettikleriniz veya bizimle ileti\u015fime ge\u00e7mek i\u00e7in a\u015fa\u011f\u0131daki formu doldurabilirsiniz. Online \u00e7eviri i\u00e7in a\u015fa\u011f\u0131daki formu doldurup \u00e7evirmek istedi\u011finiz dosyay\u0131 y\u00fckleyerek g\u00f6ndermeniz gereklidir. BEYKOZ YEM\u0130NL\u0130<\/p>\n<p><a href=\"https:\/\/beykoztercume.com\/index.php\/iletisim\/\" class=\"btn btn-skin btn-radius\">Continue Reading<span class=\"screen-reader-text\">\u0130LET\u0130\u015e\u0130M<\/span><\/a><\/p>\n","protected":false},"author":1,"featured_media":0,"parent":0,"menu_order":0,"comment_status":"closed","ping_status":"closed","template":"","meta":{"_monsterinsights_skip_tracking":false,"_monsterinsights_sitenote_active":false,"_monsterinsights_sitenote_note":"","_monsterinsights_sitenote_category":0},"_links":{"self":[{"href":"https:\/\/beykoztercume.com\/index.php\/wp-json\/wp\/v2\/pages\/272"}],"collection":[{"href":"https:\/\/beykoztercume.com\/index.php\/wp-json\/wp\/v2\/pages"}],"about":[{"href":"https:\/\/beykoztercume.com\/index.php\/wp-json\/wp\/v2\/types\/page"}],"author":[{"embeddable":true,"href":"https:\/\/beykoztercume.com\/index.php\/wp-json\/wp\/v2\/users\/1"}],"replies":[{"embeddable":true,"href":"https:\/\/beykoztercume.com\/index.php\/wp-json\/wp\/v2\/comments?post=272"}],"version-history":[{"count":27,"href":"https:\/\/beykoztercume.com\/index.php\/wp-json\/wp\/v2\/pages\/272\/revisions"}],"predecessor-version":[{"id":674,"href":"https:\/\/beykoztercume.com\/index.php\/wp-json\/wp\/v2\/pages\/272\/revisions\/674"}],"wp:attachment":[{"href":"https:\/\/beykoztercume.com\/index.php\/wp-json\/wp\/v2\/media?parent=272"}],"curies":[{"name":"wp","href":"https:\/\/api.w.org\/{rel}","templated":true}]}}